{"id":1553,"date":"2020-04-29T18:02:00","date_gmt":"2020-04-29T18:02:00","guid":{"rendered":"https:\/\/betechnology.it\/?page_id=1553"},"modified":"2020-04-29T19:41:54","modified_gmt":"2020-04-29T19:41:54","slug":"sanificazioni","status":"publish","type":"page","link":"https:\/\/betechnology.it\/en\/sanificazioni\/","title":{"rendered":"Sanificazioni ambientali e bonifiche da Covid-19"},"content":{"rendered":"<div class=\"wpb-content-wrapper\"><div class=\"vc_row wpb_row vc_row-fluid\"><div class=\"wpb_column vc_column_container vc_col-sm-6\"><div class=\"vc_column-inner\"><div class=\"wpb_wrapper\"><div id=\"cz_57865\" class=\"cz_57865 cz_title clr cz_title_pos_inline\"><div class=\"cz_title_content\"><span class=\"cz_line_side_solo\">_<\/span><div class=\"cz_wpe_content\"><h3 style=\"text-align: left;\"><span style=\"color: #000000; font-size: 22px;\">Sanificazioni ambientali e bonifiche da Covid-19<\/span><\/h3>\n<p style=\"text-align: left;\"><span style=\"color: #999999;\">su tutto il territorio nazionale<\/span><\/p>\n<\/div><\/div><\/div><div class=\"cz_gap clr\" style=\"height: 25px\"><\/div>\n\t<div class=\"wpb_text_column wpb_content_element\" >\n\t\t<div class=\"wpb_wrapper\">\n\t\t\t<div style=\"line-height: 1.3; text-align: justify;\">\n<p>La ditta<span style=\"color: #ad0604;\"><strong> Be Technology<\/strong><\/span>, opera con professionalit\u00e0 ed esperienza nel settore delle sanificazioni e disinfezioni da <span style=\"color: #ad0604;\"><strong>Covid-19<\/strong><\/span>.<\/p>\n<p>Nello svolgimento della nostra attivit\u00e0 da emergenza <span style=\"color: #ad0604;\"><strong>Covid-19<\/strong><\/span> operiamo attraverso il rispetto di varie fasi operative. La sanificazione degli ambienti avviene attraverso la nebulizzazione di prodotto igienizzante a base di ipoclorito di sodio con tempo di azione pari a <strong><span style=\"color: #ad0604;\">10 minuti<\/span>.<\/strong> Successivamente passiamo alla sanificazione a mano con prodotti a base di benzalconio di cloruro e provvediamo alla installazione di dispenser con gel igienizzante.<\/p>\n<p>Al termine della attivit\u00e0 di sanificazione ed igienizzazione dei locali rilasciamo attestazione di regolare esecuzione del servizio ed utilizziamo esclusivamente prodotti a presidio medio autorizzati dal Ministero della Salute.<\/p>\n<p><span style=\"color: #ad0604;\"><strong>Be Technology<\/strong><\/span> opera con sistemi e prodotti di sanificazione ed igienizzazione all&#8217;avanguardia: distruggiamo ogni virus completamente, scegliete la professionalit\u00e0!<\/p>\n<\/div>\n\n\t\t<\/div>\n\t<\/div>\n<\/div><\/div><\/div><div class=\"wpb_column vc_column_container vc_col-sm-6\"><div class=\"vc_column-inner\"><div class=\"wpb_wrapper\"><div id=\"cz_31062\" data-position=\"top-right\" class=\"cz_31062 cz_image clr cz_image_no_fx center_on_mobile\"><div class=\"\" ><div class=\"cz_image_in\"><div class=\"cz_main_image\"><img fetchpriority=\"high\" loading=\"eager\" decoding=\"sync\" data-no-lazy=\"1\" width=\"640\" height=\"512\" src=\"https:\/\/betechnology.it\/wp-content\/uploads\/2020\/04\/covid-19-5010565_640.jpg\" class=\"attachment-full\" alt=\"Covid 19 5010565 640\" title=\"covid-19-5010565_640\" srcset=\"https:\/\/betechnology.it\/wp-content\/uploads\/2020\/04\/covid-19-5010565_640.jpg 640w, https:\/\/betechnology.it\/wp-content\/uploads\/2020\/04\/covid-19-5010565_640-300x240.jpg 300w, https:\/\/betechnology.it\/wp-content\/uploads\/2020\/04\/covid-19-5010565_640-600x480.jpg 600w\" sizes=\"(max-width: 640px) 100vw, 640px\"  \/><\/div><\/div><\/div><\/div><\/div><\/div><\/div><\/div><div class=\"vc_row wpb_row vc_row-fluid\"><div class=\"wpb_column vc_column_container vc_col-sm-6\"><div class=\"vc_column-inner\"><div class=\"wpb_wrapper\"><div id=\"cz_31509\" data-position=\"top-right\" class=\"cz_31509 cz_image clr cz_image_no_fx center_on_mobile hide_on_tablet hide_on_mobile show_on_desktop\"><div class=\"\" ><div class=\"cz_image_in\"><div class=\"cz_main_image\"><img loading=\"lazy\" decoding=\"async\" width=\"625\" height=\"496\" src=\"https:\/\/betechnology.it\/wp-content\/uploads\/2020\/04\/pest.jpg\" class=\"attachment-full\" alt=\"Disinfestazioni e derattizzazioni\" srcset=\"https:\/\/betechnology.it\/wp-content\/uploads\/2020\/04\/pest.jpg 625w, https:\/\/betechnology.it\/wp-content\/uploads\/2020\/04\/pest-300x238.jpg 300w, https:\/\/betechnology.it\/wp-content\/uploads\/2020\/04\/pest-600x476.jpg 600w\" sizes=\"auto, (max-width: 625px) 100vw, 625px\" \/><\/div><\/div><\/div><\/div><\/div><\/div><\/div><div class=\"wpb_column vc_column_container vc_col-sm-6\"><div class=\"vc_column-inner\"><div class=\"wpb_wrapper\"><div class=\"cz_gap show_on_tablet clr  show_only_tablet\" style=\"height: 25px\"><\/div><div class=\"cz_gap show_on_mobile clr\" style=\"height: 25px\"><\/div><div id=\"cz_72257\" class=\"cz_72257 cz_title clr cz_title_pos_inline\"><div class=\"cz_title_content\"><span class=\"cz_line_side_solo\">_<\/span><div class=\"cz_wpe_content\"><h3 style=\"text-align: left;\"><span style=\"color: #000000;\">Disinfestazioni e derattizzazioni<\/span><\/h3>\n<\/div><\/div><\/div><div class=\"cz_gap clr\" style=\"height: 25px\"><\/div>\n\t<div class=\"wpb_text_column wpb_content_element\" >\n\t\t<div class=\"wpb_wrapper\">\n\t\t\t<div style=\"line-height: 1.3; text-align: justify;\">\n<p><span style=\"color: #ad0604;\"><strong>Be Technology<\/strong><\/span> opera con professionalit\u00e0 nel campo della disinfestazione ossia in tutte quelle attivit\u00e0 volte a liberare i locali da piccoli animali, in particolare artropodi, sia in quanto parassiti nonch\u00e8 vettori o riserve di agenti infettivi sia perch\u00e8 molesti e specie vegetali non desiderate.<\/p>\n<p>Grazie all&#8217;utilizzo di esche contenenti veleni, trappole per topi e sistemi multicollanti di cattura, assicuriamo risultati rapidi ed efficaci nel settore della derattizzazione. L&#8217;intervento \u00e8 eseguito da tecnici professionisti e rappresenta la soluzione ideale per liberarsi dai roditori in tutti gli ambienti.<\/p>\n<p>Nell svolgimento delle nostre operazioni vengono esclusivamente utilizzati prodotti <strong><span style=\"color: #ad0604;\">non nocivi<\/span><\/strong> per le persone ed animali, prodotti autorizzati dal Ministero della Salute ed attrezzature e tecnologie all&#8217;avanguardia per il monitoraggio degli interventi di disinfestazione effettuati nel rispetto di un piano di azione concordato dopo un accurato sopralluogo dei locali.<\/p>\n<\/div>\n\n\t\t<\/div>\n\t<\/div>\n<\/div><\/div><\/div><\/div><div class=\"vc_row wpb_row vc_row-fluid\"><div class=\"wpb_column vc_column_container vc_col-sm-6\"><div class=\"vc_column-inner\"><div class=\"wpb_wrapper\"><div id=\"cz_48157\" class=\"cz_48157 cz_title clr cz_title_pos_inline\"><div class=\"cz_title_content\"><span class=\"cz_line_side_solo\">_<\/span><div class=\"cz_wpe_content\"><h3 style=\"text-align: left;\">Pulizie civili ed industriali<\/h3>\n<\/div><\/div><\/div><div class=\"cz_gap clr\" style=\"height: 25px\"><\/div>\n\t<div class=\"wpb_text_column wpb_content_element\" >\n\t\t<div class=\"wpb_wrapper\">\n\t\t\t<div style=\"line-height: 1.3; text-align: justify;\">\n<p>La ditta <span style=\"color: #ad0604;\"><strong>Be Technology<\/strong><\/span>, con sede a <strong><span style=\"color: #ad0604;\">Roma<\/span><\/strong> ma operativa su tutto il territorio nazionale, \u00e8 specializzata in pulizie civili ed industriali.<\/p>\n<p>Nello svolgimento delle operazioni di pulizia igienizziamo gli ambienti grazie al rivoluzionario metodo del trattamento all&#8217;ozono. Il nostro staff tecnico \u00e8 specializzato nella <span style=\"color: #ad0604;\"><strong>igienizzazione<\/strong><\/span>\u00a0e di: hotel, uffici, case, veicoli, ospedali, ristoranti, sale di attesa, centri estetici, sale operatorie, ambienti incendiati, asili, scuole, armadi, palestre, scarpiere, materassi, moquette, studi medici e tanto altro.<\/p>\n<p>Contattateci al nostro recapito telefonico di <strong><span style=\"color: #ad0604;\">pronto intervento<\/span><\/strong> attraverso i pulsanti Chiama Ora per una consulenza, un sopralluogo e preventivo totalmente gratuiti. Siamo a vostra disposizione per maggiori informazioni anche attraverso l&#8217;utilizzo del form di contatto presente in pagina Contatti dove potete inviarci il vostro messaggio di approfondimento sulle nostre tipologie di servizi offerti.<\/p>\n<\/div>\n\n\t\t<\/div>\n\t<\/div>\n<\/div><\/div><\/div><div class=\"wpb_column vc_column_container vc_col-sm-6\"><div class=\"vc_column-inner\"><div class=\"wpb_wrapper\"><div id=\"cz_56785\" data-position=\"top-right\" class=\"cz_56785 cz_image clr cz_image_no_fx center_on_mobile\"><div class=\"\" ><div class=\"cz_image_in\"><div class=\"cz_main_image\"><img loading=\"lazy\" decoding=\"async\" width=\"640\" height=\"427\" src=\"https:\/\/betechnology.it\/wp-content\/uploads\/2020\/04\/covid-19-4974768_640.jpg\" class=\"attachment-full\" alt=\"Covid 19 4974768 640\" title=\"covid-19-4974768_640\" srcset=\"https:\/\/betechnology.it\/wp-content\/uploads\/2020\/04\/covid-19-4974768_640.jpg 640w, https:\/\/betechnology.it\/wp-content\/uploads\/2020\/04\/covid-19-4974768_640-300x200.jpg 300w, https:\/\/betechnology.it\/wp-content\/uploads\/2020\/04\/covid-19-4974768_640-600x400.jpg 600w\" sizes=\"auto, (max-width: 640px) 100vw, 640px\" \/><\/div><\/div><\/div><\/div><div class=\"cz_gap clr\" style=\"height: 25px\"><\/div><div class=\"cz_btn_left cz_mobile_btn_center\"><div class=\"cz_44924_p\"><a id=\"cz_44924\" class=\"cz_44924 cz_btn cz_btn_txt_move_right cz_btn_no_fx\" href=\"\/en\/preventivo\/\"><span><i class=\"fa czico-138-play-button-1\"><\/i><strong>Get a free consultation<\/strong><\/span><b class=\"cz_btn_onhover\"><i class=\"fa czico-138-play-button-1\"><\/i><strong>Get a free consultation<\/strong><\/b><\/a><\/div><\/div><div class=\"clr\"><\/div><\/div><\/div><\/div><\/div><div class=\"vc_row wpb_row vc_row-fluid\"><div class=\"wpb_column vc_column_container vc_col-sm-12\"><div class=\"vc_column-inner\"><div class=\"wpb_wrapper\"><div class=\"cz_gap clr\" style=\"height: 100px\"><\/div><\/div><\/div><\/div><\/div>\n<\/div>","protected":false},"excerpt":{"rendered":"_Sanificazioni ambientali e bonifiche da Covid-19 su tutto il territorio nazionale La ditta Be Technology, opera con professionalit\u00e0 ed esperienza","protected":false},"author":1,"featured_media":0,"parent":0,"menu_order":0,"comment_status":"closed","ping_status":"closed","template":"","meta":{"footnotes":""},"class_list":["post-1553","page","type-page","status-publish","hentry"],"yoast_head":"<!-- This site is optimized with the Yoast SEO plugin v24.8.1 - https:\/\/yoast.com\/wordpress\/plugins\/seo\/ -->\n<title>Sanificazioni ambientali e bonifiche da Covid-19 - Be Technology<\/title>\n<meta name=\"description\" content=\"La ditta Be Technology, opera con professionalit\u00e0 ed esperienza nel settore delle sanificazioni e disinfezioni da Covid-19.\" \/>\n<meta name=\"robots\" content=\"index, follow, max-snippet:-1, max-image-preview:large, max-video-preview:-1\" \/>\n<link rel=\"canonical\" href=\"https:\/\/betechnology.it\/en\/sanificazioni\/\" \/>\n<meta property=\"og:locale\" content=\"en_US\" \/>\n<meta property=\"og:type\" content=\"article\" \/>\n<meta property=\"og:title\" content=\"Sanificazioni ambientali e bonifiche da Covid-19 - Be Technology\" \/>\n<meta property=\"og:description\" content=\"La ditta Be Technology, opera con professionalit\u00e0 ed esperienza nel settore delle sanificazioni e disinfezioni da Covid-19.\" \/>\n<meta property=\"og:url\" content=\"https:\/\/betechnology.it\/en\/sanificazioni\/\" \/>\n<meta property=\"og:site_name\" content=\"Be Technology\" \/>\n<meta property=\"article:publisher\" content=\"https:\/\/www.facebook.com\/be.technology.italia\/\" \/>\n<meta property=\"article:modified_time\" content=\"2020-04-29T19:41:54+00:00\" \/>\n<meta name=\"twitter:card\" content=\"summary_large_image\" \/>\n<meta name=\"twitter:label1\" content=\"Est. reading time\" \/>\n\t<meta name=\"twitter:data1\" content=\"3 minutes\" \/>\n<script type=\"application\/ld+json\" class=\"yoast-schema-graph\">{\"@context\":\"https:\/\/schema.org\",\"@graph\":[{\"@type\":\"WebPage\",\"@id\":\"https:\/\/betechnology.it\/sanificazioni\/\",\"url\":\"https:\/\/betechnology.it\/sanificazioni\/\",\"name\":\"Sanificazioni ambientali e bonifiche da Covid-19 - Be Technology\",\"isPartOf\":{\"@id\":\"https:\/\/betechnology.it\/#website\"},\"datePublished\":\"2020-04-29T18:02:00+00:00\",\"dateModified\":\"2020-04-29T19:41:54+00:00\",\"description\":\"La ditta Be Technology, opera con professionalit\u00e0 ed esperienza nel settore delle sanificazioni e disinfezioni da Covid-19.\",\"breadcrumb\":{\"@id\":\"https:\/\/betechnology.it\/sanificazioni\/#breadcrumb\"},\"inLanguage\":\"en-US\",\"potentialAction\":[{\"@type\":\"ReadAction\",\"target\":[\"https:\/\/betechnology.it\/sanificazioni\/\"]}]},{\"@type\":\"BreadcrumbList\",\"@id\":\"https:\/\/betechnology.it\/sanificazioni\/#breadcrumb\",\"itemListElement\":[{\"@type\":\"ListItem\",\"position\":1,\"name\":\"Home\",\"item\":\"https:\/\/betechnology.it\/\"},{\"@type\":\"ListItem\",\"position\":2,\"name\":\"Sanificazioni ambientali e bonifiche da Covid-19\"}]},{\"@type\":\"WebSite\",\"@id\":\"https:\/\/betechnology.it\/#website\",\"url\":\"https:\/\/betechnology.it\/\",\"name\":\"Be Technology\",\"description\":\"Insieme creiamo il futuro.\",\"publisher\":{\"@id\":\"https:\/\/betechnology.it\/#organization\"},\"potentialAction\":[{\"@type\":\"SearchAction\",\"target\":{\"@type\":\"EntryPoint\",\"urlTemplate\":\"https:\/\/betechnology.it\/?s={search_term_string}\"},\"query-input\":{\"@type\":\"PropertyValueSpecification\",\"valueRequired\":true,\"valueName\":\"search_term_string\"}}],\"inLanguage\":\"en-US\"},{\"@type\":\"Organization\",\"@id\":\"https:\/\/betechnology.it\/#organization\",\"name\":\"BE TECHNOLOGY S.R.L. S.\",\"url\":\"https:\/\/betechnology.it\/\",\"logo\":{\"@type\":\"ImageObject\",\"inLanguage\":\"en-US\",\"@id\":\"https:\/\/betechnology.it\/#\/schema\/logo\/image\/\",\"url\":\"https:\/\/betechnology.it\/wp-content\/uploads\/2018\/11\/log_be_3D_new.png\",\"contentUrl\":\"https:\/\/betechnology.it\/wp-content\/uploads\/2018\/11\/log_be_3D_new.png\",\"width\":296,\"height\":220,\"caption\":\"BE TECHNOLOGY S.R.L. S.\"},\"image\":{\"@id\":\"https:\/\/betechnology.it\/#\/schema\/logo\/image\/\"},\"sameAs\":[\"https:\/\/www.facebook.com\/be.technology.italia\/\"]}]}<\/script>\n<!-- \/ Yoast SEO plugin. -->","yoast_head_json":{"title":"Sanificazioni ambientali e bonifiche da Covid-19 - Be Technology","description":"La ditta Be Technology, opera con professionalit\u00e0 ed esperienza nel settore delle sanificazioni e disinfezioni da Covid-19.","robots":{"index":"index","follow":"follow","max-snippet":"max-snippet:-1","max-image-preview":"max-image-preview:large","max-video-preview":"max-video-preview:-1"},"canonical":"https:\/\/betechnology.it\/en\/sanificazioni\/","og_locale":"en_US","og_type":"article","og_title":"Sanificazioni ambientali e bonifiche da Covid-19 - Be Technology","og_description":"La ditta Be Technology, opera con professionalit\u00e0 ed esperienza nel settore delle sanificazioni e disinfezioni da Covid-19.","og_url":"https:\/\/betechnology.it\/en\/sanificazioni\/","og_site_name":"Be Technology","article_publisher":"https:\/\/www.facebook.com\/be.technology.italia\/","article_modified_time":"2020-04-29T19:41:54+00:00","twitter_card":"summary_large_image","twitter_misc":{"Est. reading time":"3 minutes"},"schema":{"@context":"https:\/\/schema.org","@graph":[{"@type":"WebPage","@id":"https:\/\/betechnology.it\/sanificazioni\/","url":"https:\/\/betechnology.it\/sanificazioni\/","name":"Sanificazioni ambientali e bonifiche da Covid-19 - Be Technology","isPartOf":{"@id":"https:\/\/betechnology.it\/#website"},"datePublished":"2020-04-29T18:02:00+00:00","dateModified":"2020-04-29T19:41:54+00:00","description":"La ditta Be Technology, opera con professionalit\u00e0 ed esperienza nel settore delle sanificazioni e disinfezioni da Covid-19.","breadcrumb":{"@id":"https:\/\/betechnology.it\/sanificazioni\/#breadcrumb"},"inLanguage":"en-US","potentialAction":[{"@type":"ReadAction","target":["https:\/\/betechnology.it\/sanificazioni\/"]}]},{"@type":"BreadcrumbList","@id":"https:\/\/betechnology.it\/sanificazioni\/#breadcrumb","itemListElement":[{"@type":"ListItem","position":1,"name":"Home","item":"https:\/\/betechnology.it\/"},{"@type":"ListItem","position":2,"name":"Sanificazioni ambientali e bonifiche da Covid-19"}]},{"@type":"WebSite","@id":"https:\/\/betechnology.it\/#website","url":"https:\/\/betechnology.it\/","name":"Be Technology","description":"Insieme creiamo il futuro.","publisher":{"@id":"https:\/\/betechnology.it\/#organization"},"potentialAction":[{"@type":"SearchAction","target":{"@type":"EntryPoint","urlTemplate":"https:\/\/betechnology.it\/?s={search_term_string}"},"query-input":{"@type":"PropertyValueSpecification","valueRequired":true,"valueName":"search_term_string"}}],"inLanguage":"en-US"},{"@type":"Organization","@id":"https:\/\/betechnology.it\/#organization","name":"BE TECHNOLOGY S.R.L. S.","url":"https:\/\/betechnology.it\/","logo":{"@type":"ImageObject","inLanguage":"en-US","@id":"https:\/\/betechnology.it\/#\/schema\/logo\/image\/","url":"https:\/\/betechnology.it\/wp-content\/uploads\/2018\/11\/log_be_3D_new.png","contentUrl":"https:\/\/betechnology.it\/wp-content\/uploads\/2018\/11\/log_be_3D_new.png","width":296,"height":220,"caption":"BE TECHNOLOGY S.R.L. S."},"image":{"@id":"https:\/\/betechnology.it\/#\/schema\/logo\/image\/"},"sameAs":["https:\/\/www.facebook.com\/be.technology.italia\/"]}]}},"_links":{"self":[{"href":"https:\/\/betechnology.it\/en\/wp-json\/wp\/v2\/pages\/1553","targetHints":{"allow":["GET"]}}],"collection":[{"href":"https:\/\/betechnology.it\/en\/wp-json\/wp\/v2\/pages"}],"about":[{"href":"https:\/\/betechnology.it\/en\/wp-json\/wp\/v2\/types\/page"}],"author":[{"embeddable":true,"href":"https:\/\/betechnology.it\/en\/wp-json\/wp\/v2\/users\/1"}],"replies":[{"embeddable":true,"href":"https:\/\/betechnology.it\/en\/wp-json\/wp\/v2\/comments?post=1553"}],"version-history":[{"count":52,"href":"https:\/\/betechnology.it\/en\/wp-json\/wp\/v2\/pages\/1553\/revisions"}],"predecessor-version":[{"id":1608,"href":"https:\/\/betechnology.it\/en\/wp-json\/wp\/v2\/pages\/1553\/revisions\/1608"}],"wp:attachment":[{"href":"https:\/\/betechnology.it\/en\/wp-json\/wp\/v2\/media?parent=1553"}],"curies":[{"name":"wp","href":"https:\/\/api.w.org\/{rel}","templated":true}]}}