{"id":1118,"date":"2018-11-28T02:01:35","date_gmt":"2018-11-28T02:01:35","guid":{"rendered":"https:\/\/betechnology.it\/?page_id=1118"},"modified":"2018-12-14T12:22:17","modified_gmt":"2018-12-14T12:22:17","slug":"cookies","status":"publish","type":"page","link":"https:\/\/betechnology.it\/en\/cookies\/","title":{"rendered":"Cookies"},"content":{"rendered":"<div class=\"wpb-content-wrapper\"><div class=\"vc_row wpb_row vc_row-fluid\"><div class=\"wpb_column vc_column_container vc_col-sm-12\"><div class=\"vc_column-inner\"><div class=\"wpb_wrapper\"><div id=\"cz_43534\" class=\"cz_43534 cz_title clr cz_title_pos_inline\"><div class=\"cz_title_content\"><div class=\"cz_wpe_content\"><h3>Cookies Policy<\/h3>\n<p><strong>Che cos\u2019\u00e8 un cookie e a che cosa serve?<\/strong><\/p>\n<p>Un cookie \u00e8 una stringa di testo, un file di dimensioni ridotte che un sito invia al browser e salva sul computer quando si visita un sito web.<\/p>\n<p>I cookie vengono utilizzati per ottimizzare il lavoro del sito, per migliorare l\u2019esperienza degli utenti, e anche per fornire maggiori informazioni ai proprietari del sito.<\/p>\n<p><strong>Quali cookie utilizziamo?<\/strong><\/p>\n<p><strong>Cookies tecnici<\/strong><\/p>\n<p>Il sito utilizza cookie tecnici per le attivit\u00e0 strettamente necessarie al funzionamento del sito stesso e ad attivit\u00e0 di salvataggio delle preferenze (per esempio la lingua, o la memorizzazione di parte delle credenziali di accesso).<\/p>\n<p>Sono altres\u00ec utilizzati a fini statistici per raccogliere dati in forma aggregata.<\/p>\n<p><strong>Cookies di terze parti<\/strong><\/p>\n<p>I cookie di terze parti sono essenzialmente degli strumenti di marketing utili a raccogliere informazioni sulle abitudini degli utenti, nel nostro caso non legato a fini pubblicitari.<\/p>\n<p>Google Analytics: cookie di terze parti utilizzato per raccogliere informazioni sul numero degli utenti e su come questi visitano il sito, ad esempio informazioni su quali pagine o sezioni di pagine vengono maggiormente visualizzate, i tempi di permanenza e il flusso della navigazione sul sito; tali informazioni vengono raccolte in forma aggregata e anonima.<\/p>\n<p>Titolare dei dati raccolti \u00e8 la societ\u00e0 Google Inc. (di seguito Google), della quale \u00e8 possibile consultare l\u2019informativa sulla privacy all\u2019indirizzo\u00a0<a href=\"http:\/\/www.google.com\/intl\/it\/privacy\/privacy-policy.html\">www.google.com\/intl\/it\/privacy\/privacy-policy.html<\/a>, mentre quelle specifiche relative al servizio \u201cGoogle Analytics\u201d all\u2019indirizzo\u00a0<a href=\"http:\/\/www.google.com\/intl\/en\/analytics\/privacyoverview.html\">www.google.com\/intl\/en\/analytics\/privacyoverview.html<\/a>.<\/p>\n<p>Secondo i termini di servizio in essere, Google utilizzer\u00e0 queste informazioni, in qualit\u00e0 di titolare autonomo del trattamento, allo scopo di tracciare e esaminare l\u2019utilizzo del sito web, compilare report sulle attivit\u00e0 del sito ad uso degli operatori del sito stesso e fornire altri servizi relativi alle attivit\u00e0 del sito web, alle modalit\u00e0 di connessione (mobile, pc, browser utilizzato etc.) e alle modalit\u00e0 di ricerca e raggiungimento delle pagine del portale.<\/p>\n<p>Google non assocer\u00e0 gli indirizzi IP a nessun altro dato da questa posseduto. Questi cookies possono essere disabilitati senza nessuna conseguenza sulla navigazione, la loro permanenza \u00e8 definita dalla terza parte.<\/p>\n<p>Google Maps: cookie di terze parti che permette di localizzare l\u2019ente\/impresa\/struttura. Per maggiori informazioni analizzare l\u2019informativa relativa al servizio \u201cGoogle maps\u201d all\u2019indirizzo\u00a0<a href=\"https:\/\/maps.google.it\/intl\/it\/maps\/about\/behind-the-scenes\/streetview\/privacy\/\">https:\/\/maps.google.it\/intl\/it\/maps\/about\/behind-the-scenes\/streetview\/privacy\/.<\/a><\/p>\n<p>Continuando la navigazione si accettano implicitamente i cookie che il sistema andr\u00e0 a installare.<\/p>\n<p>\u00c8 inoltre possibile intervenire sull\u2019utilizzo dei cookie e impedirne l\u2019impostazione modificando la configurazione del proprio browser.<\/p>\n<p>Per maggiori informazioni sulla procedura necessaria \u00e8 possibile consultare la guida del browser, oppure, per un resoconto dei browser pi\u00f9 comuni, potete visitare i seguenti indirizzi:<br \/>\n<a href=\"http:\/\/www.aranzulla.it\/come-bloccare-i-cookie-726547.html\">http:\/\/www.aranzulla.it\/come-bloccare-i-cookie-726547.html<\/a><\/p>\n<p><a href=\"http:\/\/it.wikihow.com\/Disattivare-i-Cookies\">http:\/\/it.wikihow.com\/Disattivare-i-Cookies<\/a><\/p>\n<p>Si ricorda che disabilitare i cookie di navigazione o cookie funzionali pu\u00f2 impedire al sito di funzionare e \/ o limitare i servizi da noi offerti.<\/p>\n<\/div><\/div><\/div><\/div><\/div><\/div><\/div>\n<\/div>","protected":false},"excerpt":{"rendered":"Cookies Policy Che cos\u2019\u00e8 un cookie e a che cosa serve? Un cookie \u00e8 una stringa di testo, un file","protected":false},"author":1,"featured_media":0,"parent":0,"menu_order":0,"comment_status":"closed","ping_status":"closed","template":"","meta":{"footnotes":""},"class_list":["post-1118","page","type-page","status-publish","hentry"],"yoast_head":"<!-- This site is optimized with the Yoast SEO plugin v24.8.1 - https:\/\/yoast.com\/wordpress\/plugins\/seo\/ -->\n<title>Cookies - Be Technology<\/title>\n<meta name=\"description\" content=\"Un cookie \u00e8 una stringa di testo, un file di dimensioni ridotte che un sito invia al browser e salva sul computer quando si visita un sito web.\" \/>\n<meta name=\"robots\" content=\"index, follow, max-snippet:-1, max-image-preview:large, max-video-preview:-1\" \/>\n<link rel=\"canonical\" href=\"https:\/\/betechnology.it\/en\/cookies\/\" \/>\n<meta property=\"og:locale\" content=\"en_US\" \/>\n<meta property=\"og:type\" content=\"article\" \/>\n<meta property=\"og:title\" content=\"Cookies - Be Technology\" \/>\n<meta property=\"og:description\" content=\"Un cookie \u00e8 una stringa di testo, un file di dimensioni ridotte che un sito invia al browser e salva sul computer quando si visita un sito web.\" \/>\n<meta property=\"og:url\" content=\"https:\/\/betechnology.it\/en\/cookies\/\" \/>\n<meta property=\"og:site_name\" content=\"Be Technology\" \/>\n<meta property=\"article:publisher\" content=\"https:\/\/www.facebook.com\/be.technology.italia\/\" \/>\n<meta property=\"article:modified_time\" content=\"2018-12-14T12:22:17+00:00\" \/>\n<meta name=\"twitter:card\" content=\"summary_large_image\" \/>\n<meta name=\"twitter:label1\" content=\"Est. reading time\" \/>\n\t<meta name=\"twitter:data1\" content=\"2 minutes\" \/>\n<script type=\"application\/ld+json\" class=\"yoast-schema-graph\">{\"@context\":\"https:\/\/schema.org\",\"@graph\":[{\"@type\":\"WebPage\",\"@id\":\"https:\/\/betechnology.it\/cookies\/\",\"url\":\"https:\/\/betechnology.it\/cookies\/\",\"name\":\"Cookies - Be Technology\",\"isPartOf\":{\"@id\":\"https:\/\/betechnology.it\/#website\"},\"datePublished\":\"2018-11-28T02:01:35+00:00\",\"dateModified\":\"2018-12-14T12:22:17+00:00\",\"description\":\"Un cookie \u00e8 una stringa di testo, un file di dimensioni ridotte che un sito invia al browser e salva sul computer quando si visita un sito web.\",\"breadcrumb\":{\"@id\":\"https:\/\/betechnology.it\/cookies\/#breadcrumb\"},\"inLanguage\":\"en-US\",\"potentialAction\":[{\"@type\":\"ReadAction\",\"target\":[\"https:\/\/betechnology.it\/cookies\/\"]}]},{\"@type\":\"BreadcrumbList\",\"@id\":\"https:\/\/betechnology.it\/cookies\/#breadcrumb\",\"itemListElement\":[{\"@type\":\"ListItem\",\"position\":1,\"name\":\"Home\",\"item\":\"https:\/\/betechnology.it\/\"},{\"@type\":\"ListItem\",\"position\":2,\"name\":\"Cookies\"}]},{\"@type\":\"WebSite\",\"@id\":\"https:\/\/betechnology.it\/#website\",\"url\":\"https:\/\/betechnology.it\/\",\"name\":\"Be Technology\",\"description\":\"Insieme creiamo il futuro.\",\"publisher\":{\"@id\":\"https:\/\/betechnology.it\/#organization\"},\"potentialAction\":[{\"@type\":\"SearchAction\",\"target\":{\"@type\":\"EntryPoint\",\"urlTemplate\":\"https:\/\/betechnology.it\/?s={search_term_string}\"},\"query-input\":{\"@type\":\"PropertyValueSpecification\",\"valueRequired\":true,\"valueName\":\"search_term_string\"}}],\"inLanguage\":\"en-US\"},{\"@type\":\"Organization\",\"@id\":\"https:\/\/betechnology.it\/#organization\",\"name\":\"BE TECHNOLOGY S.R.L. S.\",\"url\":\"https:\/\/betechnology.it\/\",\"logo\":{\"@type\":\"ImageObject\",\"inLanguage\":\"en-US\",\"@id\":\"https:\/\/betechnology.it\/#\/schema\/logo\/image\/\",\"url\":\"https:\/\/betechnology.it\/wp-content\/uploads\/2018\/11\/log_be_3D_new.png\",\"contentUrl\":\"https:\/\/betechnology.it\/wp-content\/uploads\/2018\/11\/log_be_3D_new.png\",\"width\":296,\"height\":220,\"caption\":\"BE TECHNOLOGY S.R.L. S.\"},\"image\":{\"@id\":\"https:\/\/betechnology.it\/#\/schema\/logo\/image\/\"},\"sameAs\":[\"https:\/\/www.facebook.com\/be.technology.italia\/\"]}]}<\/script>\n<!-- \/ Yoast SEO plugin. -->","yoast_head_json":{"title":"Cookies - Be Technology","description":"Un cookie \u00e8 una stringa di testo, un file di dimensioni ridotte che un sito invia al browser e salva sul computer quando si visita un sito web.","robots":{"index":"index","follow":"follow","max-snippet":"max-snippet:-1","max-image-preview":"max-image-preview:large","max-video-preview":"max-video-preview:-1"},"canonical":"https:\/\/betechnology.it\/en\/cookies\/","og_locale":"en_US","og_type":"article","og_title":"Cookies - Be Technology","og_description":"Un cookie \u00e8 una stringa di testo, un file di dimensioni ridotte che un sito invia al browser e salva sul computer quando si visita un sito web.","og_url":"https:\/\/betechnology.it\/en\/cookies\/","og_site_name":"Be Technology","article_publisher":"https:\/\/www.facebook.com\/be.technology.italia\/","article_modified_time":"2018-12-14T12:22:17+00:00","twitter_card":"summary_large_image","twitter_misc":{"Est. reading time":"2 minutes"},"schema":{"@context":"https:\/\/schema.org","@graph":[{"@type":"WebPage","@id":"https:\/\/betechnology.it\/cookies\/","url":"https:\/\/betechnology.it\/cookies\/","name":"Cookies - Be Technology","isPartOf":{"@id":"https:\/\/betechnology.it\/#website"},"datePublished":"2018-11-28T02:01:35+00:00","dateModified":"2018-12-14T12:22:17+00:00","description":"Un cookie \u00e8 una stringa di testo, un file di dimensioni ridotte che un sito invia al browser e salva sul computer quando si visita un sito web.","breadcrumb":{"@id":"https:\/\/betechnology.it\/cookies\/#breadcrumb"},"inLanguage":"en-US","potentialAction":[{"@type":"ReadAction","target":["https:\/\/betechnology.it\/cookies\/"]}]},{"@type":"BreadcrumbList","@id":"https:\/\/betechnology.it\/cookies\/#breadcrumb","itemListElement":[{"@type":"ListItem","position":1,"name":"Home","item":"https:\/\/betechnology.it\/"},{"@type":"ListItem","position":2,"name":"Cookies"}]},{"@type":"WebSite","@id":"https:\/\/betechnology.it\/#website","url":"https:\/\/betechnology.it\/","name":"Be Technology","description":"Insieme creiamo il futuro.","publisher":{"@id":"https:\/\/betechnology.it\/#organization"},"potentialAction":[{"@type":"SearchAction","target":{"@type":"EntryPoint","urlTemplate":"https:\/\/betechnology.it\/?s={search_term_string}"},"query-input":{"@type":"PropertyValueSpecification","valueRequired":true,"valueName":"search_term_string"}}],"inLanguage":"en-US"},{"@type":"Organization","@id":"https:\/\/betechnology.it\/#organization","name":"BE TECHNOLOGY S.R.L. S.","url":"https:\/\/betechnology.it\/","logo":{"@type":"ImageObject","inLanguage":"en-US","@id":"https:\/\/betechnology.it\/#\/schema\/logo\/image\/","url":"https:\/\/betechnology.it\/wp-content\/uploads\/2018\/11\/log_be_3D_new.png","contentUrl":"https:\/\/betechnology.it\/wp-content\/uploads\/2018\/11\/log_be_3D_new.png","width":296,"height":220,"caption":"BE TECHNOLOGY S.R.L. S."},"image":{"@id":"https:\/\/betechnology.it\/#\/schema\/logo\/image\/"},"sameAs":["https:\/\/www.facebook.com\/be.technology.italia\/"]}]}},"_links":{"self":[{"href":"https:\/\/betechnology.it\/en\/wp-json\/wp\/v2\/pages\/1118","targetHints":{"allow":["GET"]}}],"collection":[{"href":"https:\/\/betechnology.it\/en\/wp-json\/wp\/v2\/pages"}],"about":[{"href":"https:\/\/betechnology.it\/en\/wp-json\/wp\/v2\/types\/page"}],"author":[{"embeddable":true,"href":"https:\/\/betechnology.it\/en\/wp-json\/wp\/v2\/users\/1"}],"replies":[{"embeddable":true,"href":"https:\/\/betechnology.it\/en\/wp-json\/wp\/v2\/comments?post=1118"}],"version-history":[{"count":1,"href":"https:\/\/betechnology.it\/en\/wp-json\/wp\/v2\/pages\/1118\/revisions"}],"predecessor-version":[{"id":1119,"href":"https:\/\/betechnology.it\/en\/wp-json\/wp\/v2\/pages\/1118\/revisions\/1119"}],"wp:attachment":[{"href":"https:\/\/betechnology.it\/en\/wp-json\/wp\/v2\/media?parent=1118"}],"curies":[{"name":"wp","href":"https:\/\/api.w.org\/{rel}","templated":true}]}}